{"id":1704,"date":"2025-02-14T16:15:36","date_gmt":"2025-02-14T15:15:36","guid":{"rendered":"https:\/\/piusvdeblin.pl\/?page_id=1704"},"modified":"2025-02-14T16:21:26","modified_gmt":"2025-02-14T15:21:26","slug":"relikwie-blogoslawionej-rodziny-ulmow","status":"publish","type":"page","link":"https:\/\/piusvdeblin.pl\/index.php\/galeria\/relikwie-blogoslawionej-rodziny-ulmow\/","title":{"rendered":"Relikwie B\u0142ogos\u0142awionej Rodziny Ulm\u00f3w"},"content":{"rendered":"ngg_shortcode_0_placeholder\n","protected":false},"excerpt":{"rendered":"","protected":false},"author":3,"featured_media":0,"parent":42,"menu_order":0,"comment_status":"closed","ping_status":"closed","template":"","meta":{"ngg_post_thumbnail":0,"footnotes":""},"class_list":["post-1704","page","type-page","status-publish","hentry"],"_links":{"self":[{"href":"https:\/\/piusvdeblin.pl\/index.php\/wp-json\/wp\/v2\/pages\/1704","targetHints":{"allow":["GET"]}}],"collection":[{"href":"https:\/\/piusvdeblin.pl\/index.php\/wp-json\/wp\/v2\/pages"}],"about":[{"href":"https:\/\/piusvdeblin.pl\/index.php\/wp-json\/wp\/v2\/types\/page"}],"author":[{"embeddable":true,"href":"https:\/\/piusvdeblin.pl\/index.php\/wp-json\/wp\/v2\/users\/3"}],"replies":[{"embeddable":true,"href":"https:\/\/piusvdeblin.pl\/index.php\/wp-json\/wp\/v2\/comments?post=1704"}],"version-history":[{"count":3,"href":"https:\/\/piusvdeblin.pl\/index.php\/wp-json\/wp\/v2\/pages\/1704\/revisions"}],"predecessor-version":[{"id":1734,"href":"https:\/\/piusvdeblin.pl\/index.php\/wp-json\/wp\/v2\/pages\/1704\/revisions\/1734"}],"up":[{"embeddable":true,"href":"https:\/\/piusvdeblin.pl\/index.php\/wp-json\/wp\/v2\/pages\/42"}],"wp:attachment":[{"href":"https:\/\/piusvdeblin.pl\/index.php\/wp-json\/wp\/v2\/media?parent=1704"}],"curies":[{"name":"wp","href":"https:\/\/api.w.org\/{rel}","templated":true}]}}