{"id":36,"date":"2023-11-08T00:30:49","date_gmt":"2023-11-07T23:30:49","guid":{"rendered":"https:\/\/piusvdeblin.pl\/?page_id=36"},"modified":"2026-03-30T17:21:55","modified_gmt":"2026-03-30T15:21:55","slug":"kancelaria","status":"publish","type":"page","link":"https:\/\/piusvdeblin.pl\/index.php\/kancelaria\/","title":{"rendered":"KANCELARIA"},"content":{"rendered":"<h3><strong>KANCELARIA PARAFIALNA CZYNNA<\/strong><\/h3>\n<p>Poniedzia\u0142ek \u2013 Sobota \u2013 godz. 17.00 \u2013 17.45<\/p>\n<h3><strong>Dane teleadresowe<\/strong>&nbsp;:<\/h3>\n<p><strong>Parafia<\/strong>&nbsp;pw. \u015awi\u0119tego Piusa V Papie\u017ca w D\u0119blinie<\/p>\n<p>1 Maja 31;&nbsp; 08-530 D\u0119blin<\/p>\n<p><strong>REGON:<\/strong> 040077098<\/p>\n<p><strong>NIP: <\/strong>7161887354<\/p>\n<p><strong>adres strony internetowej :<\/strong>&nbsp;www.piusvdeblin.pl<\/p>\n<p><strong>adres e-mail :<\/strong>&nbsp;kancelaria@piusvdeblin.pl<\/p>\n<p><strong>tel:&nbsp; stacjonarny<\/strong>&nbsp;: (81) 883 0028<\/p>\n<p><strong>Proboszcz<\/strong><\/p>\n<p>Ks. Franciszek Klebaniuk tel. 602501691<\/p>\n<p><strong>Wikariusz<\/strong><\/p>\n<p>Ks. Robert Piegdo\u0144<\/p>\n<p>&nbsp;<\/p>\n<h3><strong>Nr rachunku:&nbsp;&nbsp;&nbsp;&nbsp;&nbsp;<\/strong><\/h3>\n<p>Lubelski Bank Sp\u00f3\u0142dzielczy Oddzia\u0142 w D\u0119blinie<\/p>\n<h3><strong>&nbsp;71 8736 0006 2005 1601 2455 0001<\/strong><\/h3>\n<h3><em>B\u00f3g zap\u0142a\u0107 za ofiary na rzecz parafii.<\/em><\/h3>\n<p>___________________________________________________________________________<\/p>\n<p><strong>Standardy Ochrony Dzieci<\/strong><\/p>\n<p><a href=\"https:\/\/piusvdeblin.pl\/index.php\/kancelaria\/standardy-ochrony-dzieci-w-parafii-sw-piusa-v-w-deblinie\/\" rel=\"attachment wp-att-1350\">STANDARDY OCHRONY DZIECI w parafii \u015aw. Piusa V w D\u0119blinie<\/a><\/p>\n","protected":false},"excerpt":{"rendered":"<p>KANCELARIA PARAFIALNA CZYNNA Poniedzia\u0142ek \u2013 Sobota \u2013 godz. 17.00 \u2013 17.45 Dane teleadresowe&nbsp;: Parafia&nbsp;pw. \u015awi\u0119tego Piusa V Papie\u017ca w D\u0119blinie 1 Maja 31;&nbsp; 08-530 D\u0119blin REGON: 040077098 NIP: 7161887354 adres strony internetowej :&nbsp;www.piusvdeblin.pl adres e-mail :&nbsp;kancelaria@piusvdeblin.pl tel:&nbsp; stacjonarny&nbsp;: (81) 883 0028 Proboszcz Ks. Franciszek Klebaniuk tel. 602501691 Wikariusz Ks. Robert Piegdo\u0144 &nbsp; Nr rachunku:&nbsp;&nbsp;&nbsp;&nbsp;&nbsp; Lubelski Bank Sp\u00f3\u0142dzielczy Oddzia\u0142 w D\u0119blinie &nbsp;71 8736 0006 2005 1601 2455 0001 B\u00f3g zap\u0142a\u0107 za ofiary na rzecz parafii. ___________________________________________________________________________ Standardy Ochrony Dzieci STANDARDY OCHRONY DZIECI w parafii \u015aw. Piusa V w D\u0119blinie<\/p>\n","protected":false},"author":1,"featured_media":0,"parent":0,"menu_order":0,"comment_status":"closed","ping_status":"closed","template":"","meta":{"ngg_post_thumbnail":0,"footnotes":""},"class_list":["post-36","page","type-page","status-publish","hentry"],"_links":{"self":[{"href":"https:\/\/piusvdeblin.pl\/index.php\/wp-json\/wp\/v2\/pages\/36","targetHints":{"allow":["GET"]}}],"collection":[{"href":"https:\/\/piusvdeblin.pl\/index.php\/wp-json\/wp\/v2\/pages"}],"about":[{"href":"https:\/\/piusvdeblin.pl\/index.php\/wp-json\/wp\/v2\/types\/page"}],"author":[{"embeddable":true,"href":"https:\/\/piusvdeblin.pl\/index.php\/wp-json\/wp\/v2\/users\/1"}],"replies":[{"embeddable":true,"href":"https:\/\/piusvdeblin.pl\/index.php\/wp-json\/wp\/v2\/comments?post=36"}],"version-history":[{"count":14,"href":"https:\/\/piusvdeblin.pl\/index.php\/wp-json\/wp\/v2\/pages\/36\/revisions"}],"predecessor-version":[{"id":2766,"href":"https:\/\/piusvdeblin.pl\/index.php\/wp-json\/wp\/v2\/pages\/36\/revisions\/2766"}],"wp:attachment":[{"href":"https:\/\/piusvdeblin.pl\/index.php\/wp-json\/wp\/v2\/media?parent=36"}],"curies":[{"name":"wp","href":"https:\/\/api.w.org\/{rel}","templated":true}]}}